{"id":2686,"date":"2022-03-31T17:24:29","date_gmt":"2022-03-31T15:24:29","guid":{"rendered":"https:\/\/ciblex.eu\/ciblex-express-levering-tussen-zakelijke-klanten\/de-walden-group\/"},"modified":"2023-10-25T16:57:21","modified_gmt":"2023-10-25T14:57:21","slug":"de-walden-group","status":"publish","type":"page","link":"https:\/\/ciblex.eu\/nl\/ciblex-express-levering-tussen-zakelijke-klanten\/de-walden-group\/","title":{"rendered":"De Walden Group"},"content":{"rendered":"\n<h2 class=\"wp-block-heading has-primary-color has-text-color has-large-font-size\">70 jaar expertise op het gebied van logistiek en transport<\/h2>\n\n<p>De geschiedenis van de Walden Group begint in Auvergne in 1951, met de oprichting van het Centre Sp\u00e9cialit\u00e9s Pharmaceutiques (CSP) door Marcel Baudry. Zijn doel was de distributie van geneesmiddelen te vergemakkelijken.<\/p>\n\n<p>70 jaar later ontstaat de Walden Group door de oprichting en overname van vele bedrijven. Nu is de groep uitgegroeid tot de Europese leider op het gebied van de distributie van gezondheidsproducten. De groep is aanwezig in 13 landen, heeft een omzet van meer dan 2.6 miljard euro en kan rekenen op de expertise van meer dan 7.000 medewerkers.<\/p>\n\n<p>De Walden Group bestaat tegenwoordig uit 5 bedrijven die gespecialiseerd zijn in logistiek en transport. <\/p>\n\n<figure class=\"wp-block-image size-large\"><a href=\"https:\/\/ciblex.eu\/?attachment_id=1136\"><img decoding=\"async\" width=\"1024\" height=\"477\" src=\"https:\/\/ciblex.eu\/wp-content\/uploads\/2022\/01\/Sans-titre-3-1024x477.png\" alt=\"Geschiedenis van de Walden Groep\" class=\"wp-image-1136\" srcset=\"https:\/\/ciblex.eu\/wp-content\/uploads\/2022\/01\/Sans-titre-3-1024x477.png 1024w, https:\/\/ciblex.eu\/wp-content\/uploads\/2022\/01\/Sans-titre-3-300x140.png 300w, https:\/\/ciblex.eu\/wp-content\/uploads\/2022\/01\/Sans-titre-3-768x358.png 768w, https:\/\/ciblex.eu\/wp-content\/uploads\/2022\/01\/Sans-titre-3-1536x715.png 1536w, https:\/\/ciblex.eu\/wp-content\/uploads\/2022\/01\/Sans-titre-3.png 1559w\" sizes=\"(max-width: 1024px) 100vw, 1024px\" \/><\/a><figcaption class=\"wp-element-caption\">klik om te vergroten<\/figcaption><\/figure>\n\n<h2 class=\"wp-block-heading has-primary-color has-text-color has-large-font-size\"> 2 expertisepijlers<\/h2>\n\n<p>De Walden Group heeft zijn succes opgebouwd rond twee expertisepijlers:<\/p>\n\n<ul class=\"wp-block-list\">\n<li>Ten eerste de distributie van farmaceutische en gezondheidsproducten, wat de historische activiteit is. Wat de groep onderscheidt, is zijn vermogen om een alles-in-\u00e9\u00e9n logistieke oplossing te bieden van fabrikant tot pati\u00ebnt.<\/li>\n\n\n\n<li>Anderzijds de ontwikkeling van express-transport voor zakelijke klanten in alle bedrijfssectoren.<\/li>\n<\/ul>\n\n<h2 class=\"wp-block-heading has-primary-color has-text-color has-large-font-size\">Walden en Ciblex<\/h2>\n\n<p>De overname van Ciblex door de groep in 2014 lag aan de grondslag van de Express-divisie. Vanaf het begin was het de bedoeling een express-transportdienst aan haar klanten aan te bieden. De Business-to-Business positionering van Ciblex overtuigde later vele zakelijke klanten uit alle bedrijfssectoren zoals: optiek, automobiel, high-tech&#8230;<\/p>\n\n<h2 class=\"wp-block-heading has-primary-color has-text-color has-large-font-size\">Walden, een familiegeschiedenis<\/h2>\n\n<p>Het bedrijf werd in 1951 opgericht door Marcel Baudry en wordt nu geleid door de derde generatie. Aan het hoofd staat St\u00e9phane Baudry, kleinzoon van de oprichter, die de laatste jaren de transformatie van de groep heeft begeleid door zich in de eerste plaats op het nationale grondgebied te diversifi\u00ebren. Momenteel is de internationalisering van de groep in een stroomversnelling gekomen en maakt de vierde generatie van de familie Baudry zich op om het over te nemen.<\/p>\n\n<p>Lees meer <a href=\"http:\/\/walden-group.com\" target=\"_blank\" rel=\"noreferrer noopener\"> &gt;&gt;&gt;<\/a><\/p>\n","protected":false},"excerpt":{"rendered":"<p>70 jaar expertise op het gebied van logistiek en transport De geschiedenis van de Walden&#8230;<\/p>\n","protected":false},"author":2,"featured_media":1937,"parent":2528,"menu_order":47,"comment_status":"closed","ping_status":"closed","template":"","meta":{"_acf_changed":false,"footnotes":""},"class_list":["post-2686","page","type-page","status-publish","has-post-thumbnail","hentry"],"acf":[],"yoast_head":"<!-- This site is optimized with the Yoast SEO plugin v27.3 - https:\/\/yoast.com\/product\/yoast-seo-wordpress\/ -->\n<title>De Walden Group - Ciblex<\/title>\n<meta name=\"description\" content=\"De Walden Group is een Franse onderneming die al meer dan 70 jaar gespecialiseerd is in logistiek en transportoplossingen.\" \/>\n<meta name=\"robots\" content=\"index, follow, max-snippet:-1, max-image-preview:large, max-video-preview:-1\" \/>\n<link rel=\"canonical\" href=\"https:\/\/ciblex.eu\/nl\/ciblex-express-levering-tussen-zakelijke-klanten\/de-walden-group\/\" \/>\n<meta property=\"og:locale\" content=\"nl_NL\" \/>\n<meta property=\"og:type\" content=\"article\" \/>\n<meta property=\"og:title\" content=\"De Walden Group - Ciblex\" \/>\n<meta property=\"og:description\" content=\"De Walden Group is een Franse onderneming die al meer dan 70 jaar gespecialiseerd is in logistiek en transportoplossingen.\" \/>\n<meta property=\"og:url\" content=\"https:\/\/ciblex.eu\/nl\/ciblex-express-levering-tussen-zakelijke-klanten\/de-walden-group\/\" \/>\n<meta property=\"og:site_name\" content=\"Ciblex\" \/>\n<meta property=\"article:modified_time\" content=\"2023-10-25T14:57:21+00:00\" \/>\n<meta property=\"og:image\" content=\"https:\/\/ciblex.eu\/wp-content\/uploads\/2022\/01\/Waldenbackground-1.png\" \/>\n\t<meta property=\"og:image:width\" content=\"2048\" \/>\n\t<meta property=\"og:image:height\" content=\"1499\" \/>\n\t<meta property=\"og:image:type\" content=\"image\/png\" \/>\n<meta name=\"twitter:card\" content=\"summary_large_image\" \/>\n<meta name=\"twitter:label1\" content=\"Geschatte leestijd\" \/>\n\t<meta name=\"twitter:data1\" content=\"2 minuten\" \/>\n<script type=\"application\/ld+json\" class=\"yoast-schema-graph\">{\"@context\":\"https:\\\/\\\/schema.org\",\"@graph\":[{\"@type\":\"WebPage\",\"@id\":\"https:\\\/\\\/ciblex.eu\\\/nl\\\/ciblex-express-levering-tussen-zakelijke-klanten\\\/de-walden-group\\\/\",\"url\":\"https:\\\/\\\/ciblex.eu\\\/nl\\\/ciblex-express-levering-tussen-zakelijke-klanten\\\/de-walden-group\\\/\",\"name\":\"De Walden Group - Ciblex\",\"isPartOf\":{\"@id\":\"https:\\\/\\\/ciblex.eu\\\/nl\\\/#website\"},\"primaryImageOfPage\":{\"@id\":\"https:\\\/\\\/ciblex.eu\\\/nl\\\/ciblex-express-levering-tussen-zakelijke-klanten\\\/de-walden-group\\\/#primaryimage\"},\"image\":{\"@id\":\"https:\\\/\\\/ciblex.eu\\\/nl\\\/ciblex-express-levering-tussen-zakelijke-klanten\\\/de-walden-group\\\/#primaryimage\"},\"thumbnailUrl\":\"https:\\\/\\\/ciblex.eu\\\/wp-content\\\/uploads\\\/2022\\\/01\\\/Waldenbackground-1.png\",\"datePublished\":\"2022-03-31T15:24:29+00:00\",\"dateModified\":\"2023-10-25T14:57:21+00:00\",\"description\":\"De Walden Group is een Franse onderneming die al meer dan 70 jaar gespecialiseerd is in logistiek en transportoplossingen.\",\"breadcrumb\":{\"@id\":\"https:\\\/\\\/ciblex.eu\\\/nl\\\/ciblex-express-levering-tussen-zakelijke-klanten\\\/de-walden-group\\\/#breadcrumb\"},\"inLanguage\":\"nl-NL\",\"potentialAction\":[{\"@type\":\"ReadAction\",\"target\":[\"https:\\\/\\\/ciblex.eu\\\/nl\\\/ciblex-express-levering-tussen-zakelijke-klanten\\\/de-walden-group\\\/\"]}]},{\"@type\":\"ImageObject\",\"inLanguage\":\"nl-NL\",\"@id\":\"https:\\\/\\\/ciblex.eu\\\/nl\\\/ciblex-express-levering-tussen-zakelijke-klanten\\\/de-walden-group\\\/#primaryimage\",\"url\":\"https:\\\/\\\/ciblex.eu\\\/wp-content\\\/uploads\\\/2022\\\/01\\\/Waldenbackground-1.png\",\"contentUrl\":\"https:\\\/\\\/ciblex.eu\\\/wp-content\\\/uploads\\\/2022\\\/01\\\/Waldenbackground-1.png\",\"width\":2048,\"height\":1499,\"caption\":\"groupe walden\"},{\"@type\":\"BreadcrumbList\",\"@id\":\"https:\\\/\\\/ciblex.eu\\\/nl\\\/ciblex-express-levering-tussen-zakelijke-klanten\\\/de-walden-group\\\/#breadcrumb\",\"itemListElement\":[{\"@type\":\"ListItem\",\"position\":1,\"name\":\"Home\",\"item\":\"https:\\\/\\\/ciblex.eu\\\/nl\\\/\"},{\"@type\":\"ListItem\",\"position\":2,\"name\":\"Ciblex: Express-levering tussen zakelijke klanten\",\"item\":\"https:\\\/\\\/ciblex.eu\\\/nl\\\/ciblex-express-levering-tussen-zakelijke-klanten\\\/\"},{\"@type\":\"ListItem\",\"position\":3,\"name\":\"De Walden Group\"}]},{\"@type\":\"WebSite\",\"@id\":\"https:\\\/\\\/ciblex.eu\\\/nl\\\/#website\",\"url\":\"https:\\\/\\\/ciblex.eu\\\/nl\\\/\",\"name\":\"Ciblex\",\"description\":\"Specialist in express-leveringen in Frankrijk en in het buitenland\",\"publisher\":{\"@id\":\"https:\\\/\\\/ciblex.eu\\\/nl\\\/#organization\"},\"potentialAction\":[{\"@type\":\"SearchAction\",\"target\":{\"@type\":\"EntryPoint\",\"urlTemplate\":\"https:\\\/\\\/ciblex.eu\\\/nl\\\/?s={search_term_string}\"},\"query-input\":{\"@type\":\"PropertyValueSpecification\",\"valueRequired\":true,\"valueName\":\"search_term_string\"}}],\"inLanguage\":\"nl-NL\"},{\"@type\":\"Organization\",\"@id\":\"https:\\\/\\\/ciblex.eu\\\/nl\\\/#organization\",\"name\":\"Ciblex\",\"url\":\"https:\\\/\\\/ciblex.eu\\\/nl\\\/\",\"logo\":{\"@type\":\"ImageObject\",\"inLanguage\":\"nl-NL\",\"@id\":\"https:\\\/\\\/ciblex.eu\\\/nl\\\/#\\\/schema\\\/logo\\\/image\\\/\",\"url\":\"https:\\\/\\\/ciblex.eu\\\/wp-content\\\/uploads\\\/2021\\\/12\\\/logo_ciblex@x2.png\",\"contentUrl\":\"https:\\\/\\\/ciblex.eu\\\/wp-content\\\/uploads\\\/2021\\\/12\\\/logo_ciblex@x2.png\",\"width\":273,\"height\":86,\"caption\":\"Ciblex\"},\"image\":{\"@id\":\"https:\\\/\\\/ciblex.eu\\\/nl\\\/#\\\/schema\\\/logo\\\/image\\\/\"}}]}<\/script>\n<!-- \/ Yoast SEO plugin. -->","yoast_head_json":{"title":"De Walden Group - Ciblex","description":"De Walden Group is een Franse onderneming die al meer dan 70 jaar gespecialiseerd is in logistiek en transportoplossingen.","robots":{"index":"index","follow":"follow","max-snippet":"max-snippet:-1","max-image-preview":"max-image-preview:large","max-video-preview":"max-video-preview:-1"},"canonical":"https:\/\/ciblex.eu\/nl\/ciblex-express-levering-tussen-zakelijke-klanten\/de-walden-group\/","og_locale":"nl_NL","og_type":"article","og_title":"De Walden Group - Ciblex","og_description":"De Walden Group is een Franse onderneming die al meer dan 70 jaar gespecialiseerd is in logistiek en transportoplossingen.","og_url":"https:\/\/ciblex.eu\/nl\/ciblex-express-levering-tussen-zakelijke-klanten\/de-walden-group\/","og_site_name":"Ciblex","article_modified_time":"2023-10-25T14:57:21+00:00","og_image":[{"width":2048,"height":1499,"url":"https:\/\/ciblex.eu\/wp-content\/uploads\/2022\/01\/Waldenbackground-1.png","type":"image\/png"}],"twitter_card":"summary_large_image","twitter_misc":{"Geschatte leestijd":"2 minuten"},"schema":{"@context":"https:\/\/schema.org","@graph":[{"@type":"WebPage","@id":"https:\/\/ciblex.eu\/nl\/ciblex-express-levering-tussen-zakelijke-klanten\/de-walden-group\/","url":"https:\/\/ciblex.eu\/nl\/ciblex-express-levering-tussen-zakelijke-klanten\/de-walden-group\/","name":"De Walden Group - Ciblex","isPartOf":{"@id":"https:\/\/ciblex.eu\/nl\/#website"},"primaryImageOfPage":{"@id":"https:\/\/ciblex.eu\/nl\/ciblex-express-levering-tussen-zakelijke-klanten\/de-walden-group\/#primaryimage"},"image":{"@id":"https:\/\/ciblex.eu\/nl\/ciblex-express-levering-tussen-zakelijke-klanten\/de-walden-group\/#primaryimage"},"thumbnailUrl":"https:\/\/ciblex.eu\/wp-content\/uploads\/2022\/01\/Waldenbackground-1.png","datePublished":"2022-03-31T15:24:29+00:00","dateModified":"2023-10-25T14:57:21+00:00","description":"De Walden Group is een Franse onderneming die al meer dan 70 jaar gespecialiseerd is in logistiek en transportoplossingen.","breadcrumb":{"@id":"https:\/\/ciblex.eu\/nl\/ciblex-express-levering-tussen-zakelijke-klanten\/de-walden-group\/#breadcrumb"},"inLanguage":"nl-NL","potentialAction":[{"@type":"ReadAction","target":["https:\/\/ciblex.eu\/nl\/ciblex-express-levering-tussen-zakelijke-klanten\/de-walden-group\/"]}]},{"@type":"ImageObject","inLanguage":"nl-NL","@id":"https:\/\/ciblex.eu\/nl\/ciblex-express-levering-tussen-zakelijke-klanten\/de-walden-group\/#primaryimage","url":"https:\/\/ciblex.eu\/wp-content\/uploads\/2022\/01\/Waldenbackground-1.png","contentUrl":"https:\/\/ciblex.eu\/wp-content\/uploads\/2022\/01\/Waldenbackground-1.png","width":2048,"height":1499,"caption":"groupe walden"},{"@type":"BreadcrumbList","@id":"https:\/\/ciblex.eu\/nl\/ciblex-express-levering-tussen-zakelijke-klanten\/de-walden-group\/#breadcrumb","itemListElement":[{"@type":"ListItem","position":1,"name":"Home","item":"https:\/\/ciblex.eu\/nl\/"},{"@type":"ListItem","position":2,"name":"Ciblex: Express-levering tussen zakelijke klanten","item":"https:\/\/ciblex.eu\/nl\/ciblex-express-levering-tussen-zakelijke-klanten\/"},{"@type":"ListItem","position":3,"name":"De Walden Group"}]},{"@type":"WebSite","@id":"https:\/\/ciblex.eu\/nl\/#website","url":"https:\/\/ciblex.eu\/nl\/","name":"Ciblex","description":"Specialist in express-leveringen in Frankrijk en in het buitenland","publisher":{"@id":"https:\/\/ciblex.eu\/nl\/#organization"},"potentialAction":[{"@type":"SearchAction","target":{"@type":"EntryPoint","urlTemplate":"https:\/\/ciblex.eu\/nl\/?s={search_term_string}"},"query-input":{"@type":"PropertyValueSpecification","valueRequired":true,"valueName":"search_term_string"}}],"inLanguage":"nl-NL"},{"@type":"Organization","@id":"https:\/\/ciblex.eu\/nl\/#organization","name":"Ciblex","url":"https:\/\/ciblex.eu\/nl\/","logo":{"@type":"ImageObject","inLanguage":"nl-NL","@id":"https:\/\/ciblex.eu\/nl\/#\/schema\/logo\/image\/","url":"https:\/\/ciblex.eu\/wp-content\/uploads\/2021\/12\/logo_ciblex@x2.png","contentUrl":"https:\/\/ciblex.eu\/wp-content\/uploads\/2021\/12\/logo_ciblex@x2.png","width":273,"height":86,"caption":"Ciblex"},"image":{"@id":"https:\/\/ciblex.eu\/nl\/#\/schema\/logo\/image\/"}}]}},"_links":{"self":[{"href":"https:\/\/ciblex.eu\/nl\/wp-json\/wp\/v2\/pages\/2686","targetHints":{"allow":["GET"]}}],"collection":[{"href":"https:\/\/ciblex.eu\/nl\/wp-json\/wp\/v2\/pages"}],"about":[{"href":"https:\/\/ciblex.eu\/nl\/wp-json\/wp\/v2\/types\/page"}],"author":[{"embeddable":true,"href":"https:\/\/ciblex.eu\/nl\/wp-json\/wp\/v2\/users\/2"}],"replies":[{"embeddable":true,"href":"https:\/\/ciblex.eu\/nl\/wp-json\/wp\/v2\/comments?post=2686"}],"version-history":[{"count":4,"href":"https:\/\/ciblex.eu\/nl\/wp-json\/wp\/v2\/pages\/2686\/revisions"}],"predecessor-version":[{"id":4271,"href":"https:\/\/ciblex.eu\/nl\/wp-json\/wp\/v2\/pages\/2686\/revisions\/4271"}],"up":[{"embeddable":true,"href":"https:\/\/ciblex.eu\/nl\/wp-json\/wp\/v2\/pages\/2528"}],"wp:featuredmedia":[{"embeddable":true,"href":"https:\/\/ciblex.eu\/nl\/wp-json\/wp\/v2\/media\/1937"}],"wp:attachment":[{"href":"https:\/\/ciblex.eu\/nl\/wp-json\/wp\/v2\/media?parent=2686"}],"curies":[{"name":"wp","href":"https:\/\/api.w.org\/{rel}","templated":true}]}}