{"id":2702,"date":"2022-04-05T16:13:07","date_gmt":"2022-04-05T14:13:07","guid":{"rendered":"https:\/\/ciblex.eu\/praktijk\/uw-pakketten-voorbereiden\/"},"modified":"2022-09-02T15:12:17","modified_gmt":"2022-09-02T13:12:17","slug":"uw-pakketten-voorbereiden","status":"publish","type":"page","link":"https:\/\/ciblex.eu\/nl\/praktijk\/uw-pakketten-voorbereiden\/","title":{"rendered":"Uw pakketten voorbereiden"},"content":{"rendered":"\n<h2 class=\"has-blue-dark-color has-text-color has-large-font-size wp-block-heading\">Het is belangrijk om uw pakketten goed in te pakken v\u00f3\u00f3r het transport. Volg onze tips op!<\/h2>\n\n\n\n<p>Voorafgaand aan het vervoer is de fase ter voorbereiding van pakketten zeer belangrijk voor de goede spoeddistributie van uw goederen. Volg onderstaande advies op en laat u adviseren over de grootte, het soort verpakking, de sluiting en de etikettering van de verpakking. Door dit praktische advies is de kwaliteit van de transportdienst gewaarborgd. Een pakket dat v\u00f3\u00f3r het transport goed voorbereid wordt, is de garantie voor een <a href=\"https:\/\/ciblex.eu\/nl\/aanbod\/\" target=\"_blank\" rel=\"noreferrer noopener\">express-levering.&#8221;&gt;<\/a><\/p>\n\n\n\n<h2 class=\"has-blue-dark-color has-text-color has-large-font-size wp-block-heading\">Grootte en gewicht van pakketten in het Ciblex-netwerk<\/h2>\n\n\n\n<p>Het Ciblex-netwerk is gespecialiseerd in de levering van pakketten van 0 tot 30 kg aan zakelijke klanten. Onze sorteerlijnen zijn geautomatiseerd om een snelle en effici\u00ebnte verwerking van de stromen mogelijk te maken en een snelle levering van uw goederen te garanderen: v\u00f3\u00f3r&nbsp; &nbsp;<a href=\"https:\/\/ciblex.eu\/nl\/aanbod\/h8-express-levering-voor-8-uur\/\" target=\"_blank\" rel=\"noreferrer noopener\">8h<\/a>,v\u00f3\u00f3r&nbsp; <a href=\"https:\/\/ciblex.eu\/nl\/aanbod\/h9-express-voor-9-uur\/\" target=\"_blank\" rel=\"noreferrer noopener\">9h<\/a> of voor <a href=\"https:\/\/ciblex.eu\/nl\/aanbod\/h12-express-levering-voor-12-uur-s-middags\/\" target=\"_blank\" rel=\"noreferrer noopener\">12h<\/a>.<\/p>\n\n\n\n<figure class=\"wp-block-image is-resized\"><img decoding=\"async\" src=\"https:\/\/ciblex.eu\/wp-content\/uploads\/2022\/01\/Dimensions-colis.png\" alt=\"afmetingen hoogte, lengte, breedte van een verpakking\" width=\"261\" height=\"179\" \/><\/figure>\n\n\n\n<ul class=\"wp-block-list\"><li> Maximum gewicht van elk pakje \u2264 30 kg<\/li><li>Maximale afmeting \u2264 2 strekkende meter<\/li><li>Lengte (cm) + breedte (cm) + hoogte (cm)<\/li><\/ul>\n\n\n\n<p><a href=\"https:\/\/ciblex.eu\/nl\/praktijk\/volumetrisch-gewicht\/\" target=\"_blank\" rel=\"noreferrer noopener\">Calculator volumetrisch gewicht<\/a><\/p>\n\n\n\n<h2 class=\"has-blue-dark-color has-text-color has-large-font-size wp-block-heading\">Welke verpakking voor uw goederen<\/h2>\n\n\n\n<h4 class=\"wp-block-heading\">Externe verpakking<\/h4>\n\n\n\n<p>Kies voor kwaliteitsvolle, duurzame en stevige verpakking in perfecte staat om uw pakket in te pakken. Het is belangrijk dat deze overeenkomt met de afmetingen, het gewicht en het type van de te vervoeren producten. Gebruik voor zware onderdelen bijvoorbeeld kartonnen dozen met dubbele ribben en voor temperatuurgevoelige, kwetsbare goederen een geschikte verpakking. Kies voor uw documenten of kleine platte voorwerpen bij voorkeur een stevige envelop. Als uw verpakking al voor een eerdere zending is gebruikt, verwijder dan de oude etiketten.<\/p>\n\n\n\n<h4 class=\"wp-block-heading\">Interne verpakking<\/h4>\n\n\n\n<p>Zorg ervoor dat elk voorwerp stevig vastzit in de verpakking of de verzenddoos. Bovendien raden wij u aan om dozen te vermijden die te groot zijn voor de inhoud ervan en die geplet kunnen worden. Zorg voor ongeveer 5 cm bescherming aan de onderkant, bovenkant en zijkanten van een pakket waarin breekbare goederen of voorwerpen zitten. Deze bescherming voor uw breekbare voorwerp kan bestaan uit noppenfolie, vloeipapier of oude kranten. Kies een dempingsmateriaal dat dicht genoeg is om de openingen op te vullen en zo de schokbestendigheid te verbeteren. Versterk zo nodig de uiteinden van scherpe voorwerpen. Deze kunnen letsels veroorzaken voor u of uw eindklant en voor iedereen die uw pakket vastpakt.<\/p>\n\n\n\n<p>De Ciblex-verpakkingen: Ciblex biedt u praktische \u00ab All inclusive \u00bb&nbsp;<a href=\"https:\/\/ciblex.eu\/nl\/aanbod\/c-ready-to-go-voorgefrankeerde-enveloppen\/\" target=\"_blank\" rel=\"noreferrer noopener\">C Pr\u00eat \u00e0 Partir,<\/a> aan, zonder verplichting om een account te openen, <a href=\"https:\/\/ciblex.eu\/nl\/contact\/\" target=\"_blank\" rel=\"noreferrer noopener\">neem contact met ons op.&nbsp;<\/a>.<\/p>\n\n\n\n<h2 class=\"has-blue-dark-color has-text-color has-large-font-size wp-block-heading\">Het pakket dichtmaken<\/h2>\n\n\n\n<p>Plak het pakje dicht met dik, sterk plakband. Omwikkel het pakje indien mogelijk in beide richtingen. Gebruik geen touw of linten die in onze sorteerlijnen verstrikt kunnen raken en een gevaar kunnen vormen voor ons afhandelingspersoneel.<\/p>\n\n\n\n<h2 class=\"has-blue-dark-color has-text-color has-large-font-size wp-block-heading\">Etikettering van het pakje<\/h2>\n\n\n\n<p>Het transportetiket is de identiteitskaart van uw pakje. Het bevat alle informatie die nodig is voor een uitstekende express-levering.&nbsp;Als het pakket is gesloten, plakt u een transportetiket op de bovenkant van elk pakket.<\/p>\n\n\n\n<p>De streepjescode moet leesbaar zijn en het lezen ervan mag niet worden belemmerd. Controleer de leesbaarheid van de informatie. Om de identificatie van uw pakketten te verbeteren, biedt Ciblex u een gamma stickers aan:&nbsp;H8,&nbsp;H9,&nbsp;H12, zaterdagochtend&nbsp;H Export. U kunt ze rechtstreeks bestellen in uw klantruimte bij Ciblex.<\/p>\n\n\n\n<div class=\"wp-block-group has-cyan-background-color has-background\"><div class=\"wp-block-group__inner-container is-layout-flow wp-block-group-is-layout-flow\">\n<div class=\"wp-block-columns is-layout-flex wp-container-core-columns-is-layout-9d6595d7 wp-block-columns-is-layout-flex\">\n<div class=\"wp-block-column is-layout-flow wp-block-column-is-layout-flow\" style=\"flex-basis:100%\">\n<p>Een slechte verpakking vormt een risico&nbsp;voor uw goederen en voor iedereen die het pakje tijdens het transport moet hanteren. Onze chauffeurs zijn bevoegd om slecht ingepakte pakketten te weigeren in de volgende gevallen:<\/p>\n<\/div>\n<\/div>\n\n\n\n<p class=\"has-small-font-size\">&lt;strong&gt;Beschadigde kartonnen dozen, &lt;\/strong&gt; die doorboord, geplet of in slechte staat zijn,&nbsp;worden niet aanvaard<\/p>\n\n\n\n<p class=\"has-small-font-size\"><strong>Doorweekte kartonnen dozen<\/strong>, die door water beschadigd zijn en lekkende verpakkingen worden <br>niet aanvaard.<\/p>\n\n\n\n<p class=\"has-small-font-size\"><strong>Niet-conforme verpakkingen: <\/strong> &nbsp;Zware voorwerpen mogen niet in te dunne kartonnen dozen worden geplaatst. De dozen moeten voldoende sterk zijn, van goede kwaliteit en voldoende groot.<\/p>\n<\/div><\/div>\n\n\n\n<p><\/p>\n","protected":false},"excerpt":{"rendered":"<p>Het is belangrijk om uw pakketten goed in te pakken v\u00f3\u00f3r het transport. Volg onze&#8230;<\/p>\n","protected":false},"author":1,"featured_media":306,"parent":2699,"menu_order":28,"comment_status":"closed","ping_status":"closed","template":"","meta":{"_acf_changed":false,"footnotes":""},"class_list":["post-2702","page","type-page","status-publish","has-post-thumbnail","hentry"],"acf":[],"yoast_head":"<!-- This site is optimized with the Yoast SEO plugin v27.3 - https:\/\/yoast.com\/product\/yoast-seo-wordpress\/ -->\n<title>Uw pakketten voorbereiden - Ciblex<\/title>\n<meta name=\"description\" content=\"Voorbereiding van het pakket is essentieel voor de expresbezorging. Volg onze tips voor een goede expreslevering\" \/>\n<meta name=\"robots\" content=\"index, follow, max-snippet:-1, max-image-preview:large, max-video-preview:-1\" \/>\n<link rel=\"canonical\" href=\"https:\/\/ciblex.eu\/nl\/praktijk\/uw-pakketten-voorbereiden\/\" \/>\n<meta property=\"og:locale\" content=\"nl_NL\" \/>\n<meta property=\"og:type\" content=\"article\" \/>\n<meta property=\"og:title\" content=\"Uw pakketten voorbereiden - Ciblex\" \/>\n<meta property=\"og:description\" content=\"Voorbereiding van het pakket is essentieel voor de expresbezorging. Volg onze tips voor een goede expreslevering\" \/>\n<meta property=\"og:url\" content=\"https:\/\/ciblex.eu\/nl\/praktijk\/uw-pakketten-voorbereiden\/\" \/>\n<meta property=\"og:site_name\" content=\"Ciblex\" \/>\n<meta property=\"article:modified_time\" content=\"2022-09-02T13:12:17+00:00\" \/>\n<meta property=\"og:image\" content=\"https:\/\/ciblex.eu\/wp-content\/uploads\/2021\/12\/Ciblex-102-Chaine-4-scaled.jpg\" \/>\n\t<meta property=\"og:image:width\" content=\"2560\" \/>\n\t<meta property=\"og:image:height\" content=\"1707\" \/>\n\t<meta property=\"og:image:type\" content=\"image\/jpeg\" \/>\n<meta name=\"twitter:card\" content=\"summary_large_image\" \/>\n<meta name=\"twitter:label1\" content=\"Geschatte leestijd\" \/>\n\t<meta name=\"twitter:data1\" content=\"3 minuten\" \/>\n<script type=\"application\/ld+json\" class=\"yoast-schema-graph\">{\"@context\":\"https:\\\/\\\/schema.org\",\"@graph\":[{\"@type\":\"WebPage\",\"@id\":\"https:\\\/\\\/ciblex.eu\\\/nl\\\/praktijk\\\/uw-pakketten-voorbereiden\\\/\",\"url\":\"https:\\\/\\\/ciblex.eu\\\/nl\\\/praktijk\\\/uw-pakketten-voorbereiden\\\/\",\"name\":\"Uw pakketten voorbereiden - Ciblex\",\"isPartOf\":{\"@id\":\"https:\\\/\\\/ciblex.eu\\\/nl\\\/#website\"},\"primaryImageOfPage\":{\"@id\":\"https:\\\/\\\/ciblex.eu\\\/nl\\\/praktijk\\\/uw-pakketten-voorbereiden\\\/#primaryimage\"},\"image\":{\"@id\":\"https:\\\/\\\/ciblex.eu\\\/nl\\\/praktijk\\\/uw-pakketten-voorbereiden\\\/#primaryimage\"},\"thumbnailUrl\":\"https:\\\/\\\/ciblex.eu\\\/wp-content\\\/uploads\\\/2021\\\/12\\\/Ciblex-102-Chaine-4-scaled.jpg\",\"datePublished\":\"2022-04-05T14:13:07+00:00\",\"dateModified\":\"2022-09-02T13:12:17+00:00\",\"description\":\"Voorbereiding van het pakket is essentieel voor de expresbezorging. Volg onze tips voor een goede expreslevering\",\"breadcrumb\":{\"@id\":\"https:\\\/\\\/ciblex.eu\\\/nl\\\/praktijk\\\/uw-pakketten-voorbereiden\\\/#breadcrumb\"},\"inLanguage\":\"nl-NL\",\"potentialAction\":[{\"@type\":\"ReadAction\",\"target\":[\"https:\\\/\\\/ciblex.eu\\\/nl\\\/praktijk\\\/uw-pakketten-voorbereiden\\\/\"]}]},{\"@type\":\"ImageObject\",\"inLanguage\":\"nl-NL\",\"@id\":\"https:\\\/\\\/ciblex.eu\\\/nl\\\/praktijk\\\/uw-pakketten-voorbereiden\\\/#primaryimage\",\"url\":\"https:\\\/\\\/ciblex.eu\\\/wp-content\\\/uploads\\\/2021\\\/12\\\/Ciblex-102-Chaine-4-scaled.jpg\",\"contentUrl\":\"https:\\\/\\\/ciblex.eu\\\/wp-content\\\/uploads\\\/2021\\\/12\\\/Ciblex-102-Chaine-4-scaled.jpg\",\"width\":2560,\"height\":1707,\"caption\":\"Chaine de tri des colis express\"},{\"@type\":\"BreadcrumbList\",\"@id\":\"https:\\\/\\\/ciblex.eu\\\/nl\\\/praktijk\\\/uw-pakketten-voorbereiden\\\/#breadcrumb\",\"itemListElement\":[{\"@type\":\"ListItem\",\"position\":1,\"name\":\"Home\",\"item\":\"https:\\\/\\\/ciblex.eu\\\/nl\\\/\"},{\"@type\":\"ListItem\",\"position\":2,\"name\":\"Praktijk\",\"item\":\"https:\\\/\\\/ciblex.eu\\\/nl\\\/praktijk\\\/\"},{\"@type\":\"ListItem\",\"position\":3,\"name\":\"Uw pakketten voorbereiden\"}]},{\"@type\":\"WebSite\",\"@id\":\"https:\\\/\\\/ciblex.eu\\\/nl\\\/#website\",\"url\":\"https:\\\/\\\/ciblex.eu\\\/nl\\\/\",\"name\":\"Ciblex\",\"description\":\"Specialist in express-leveringen in Frankrijk en in het buitenland\",\"publisher\":{\"@id\":\"https:\\\/\\\/ciblex.eu\\\/nl\\\/#organization\"},\"potentialAction\":[{\"@type\":\"SearchAction\",\"target\":{\"@type\":\"EntryPoint\",\"urlTemplate\":\"https:\\\/\\\/ciblex.eu\\\/nl\\\/?s={search_term_string}\"},\"query-input\":{\"@type\":\"PropertyValueSpecification\",\"valueRequired\":true,\"valueName\":\"search_term_string\"}}],\"inLanguage\":\"nl-NL\"},{\"@type\":\"Organization\",\"@id\":\"https:\\\/\\\/ciblex.eu\\\/nl\\\/#organization\",\"name\":\"Ciblex\",\"url\":\"https:\\\/\\\/ciblex.eu\\\/nl\\\/\",\"logo\":{\"@type\":\"ImageObject\",\"inLanguage\":\"nl-NL\",\"@id\":\"https:\\\/\\\/ciblex.eu\\\/nl\\\/#\\\/schema\\\/logo\\\/image\\\/\",\"url\":\"https:\\\/\\\/ciblex.eu\\\/wp-content\\\/uploads\\\/2021\\\/12\\\/logo_ciblex@x2.png\",\"contentUrl\":\"https:\\\/\\\/ciblex.eu\\\/wp-content\\\/uploads\\\/2021\\\/12\\\/logo_ciblex@x2.png\",\"width\":273,\"height\":86,\"caption\":\"Ciblex\"},\"image\":{\"@id\":\"https:\\\/\\\/ciblex.eu\\\/nl\\\/#\\\/schema\\\/logo\\\/image\\\/\"}}]}<\/script>\n<!-- \/ Yoast SEO plugin. -->","yoast_head_json":{"title":"Uw pakketten voorbereiden - Ciblex","description":"Voorbereiding van het pakket is essentieel voor de expresbezorging. Volg onze tips voor een goede expreslevering","robots":{"index":"index","follow":"follow","max-snippet":"max-snippet:-1","max-image-preview":"max-image-preview:large","max-video-preview":"max-video-preview:-1"},"canonical":"https:\/\/ciblex.eu\/nl\/praktijk\/uw-pakketten-voorbereiden\/","og_locale":"nl_NL","og_type":"article","og_title":"Uw pakketten voorbereiden - Ciblex","og_description":"Voorbereiding van het pakket is essentieel voor de expresbezorging. Volg onze tips voor een goede expreslevering","og_url":"https:\/\/ciblex.eu\/nl\/praktijk\/uw-pakketten-voorbereiden\/","og_site_name":"Ciblex","article_modified_time":"2022-09-02T13:12:17+00:00","og_image":[{"width":2560,"height":1707,"url":"https:\/\/ciblex.eu\/wp-content\/uploads\/2021\/12\/Ciblex-102-Chaine-4-scaled.jpg","type":"image\/jpeg"}],"twitter_card":"summary_large_image","twitter_misc":{"Geschatte leestijd":"3 minuten"},"schema":{"@context":"https:\/\/schema.org","@graph":[{"@type":"WebPage","@id":"https:\/\/ciblex.eu\/nl\/praktijk\/uw-pakketten-voorbereiden\/","url":"https:\/\/ciblex.eu\/nl\/praktijk\/uw-pakketten-voorbereiden\/","name":"Uw pakketten voorbereiden - Ciblex","isPartOf":{"@id":"https:\/\/ciblex.eu\/nl\/#website"},"primaryImageOfPage":{"@id":"https:\/\/ciblex.eu\/nl\/praktijk\/uw-pakketten-voorbereiden\/#primaryimage"},"image":{"@id":"https:\/\/ciblex.eu\/nl\/praktijk\/uw-pakketten-voorbereiden\/#primaryimage"},"thumbnailUrl":"https:\/\/ciblex.eu\/wp-content\/uploads\/2021\/12\/Ciblex-102-Chaine-4-scaled.jpg","datePublished":"2022-04-05T14:13:07+00:00","dateModified":"2022-09-02T13:12:17+00:00","description":"Voorbereiding van het pakket is essentieel voor de expresbezorging. Volg onze tips voor een goede expreslevering","breadcrumb":{"@id":"https:\/\/ciblex.eu\/nl\/praktijk\/uw-pakketten-voorbereiden\/#breadcrumb"},"inLanguage":"nl-NL","potentialAction":[{"@type":"ReadAction","target":["https:\/\/ciblex.eu\/nl\/praktijk\/uw-pakketten-voorbereiden\/"]}]},{"@type":"ImageObject","inLanguage":"nl-NL","@id":"https:\/\/ciblex.eu\/nl\/praktijk\/uw-pakketten-voorbereiden\/#primaryimage","url":"https:\/\/ciblex.eu\/wp-content\/uploads\/2021\/12\/Ciblex-102-Chaine-4-scaled.jpg","contentUrl":"https:\/\/ciblex.eu\/wp-content\/uploads\/2021\/12\/Ciblex-102-Chaine-4-scaled.jpg","width":2560,"height":1707,"caption":"Chaine de tri des colis express"},{"@type":"BreadcrumbList","@id":"https:\/\/ciblex.eu\/nl\/praktijk\/uw-pakketten-voorbereiden\/#breadcrumb","itemListElement":[{"@type":"ListItem","position":1,"name":"Home","item":"https:\/\/ciblex.eu\/nl\/"},{"@type":"ListItem","position":2,"name":"Praktijk","item":"https:\/\/ciblex.eu\/nl\/praktijk\/"},{"@type":"ListItem","position":3,"name":"Uw pakketten voorbereiden"}]},{"@type":"WebSite","@id":"https:\/\/ciblex.eu\/nl\/#website","url":"https:\/\/ciblex.eu\/nl\/","name":"Ciblex","description":"Specialist in express-leveringen in Frankrijk en in het buitenland","publisher":{"@id":"https:\/\/ciblex.eu\/nl\/#organization"},"potentialAction":[{"@type":"SearchAction","target":{"@type":"EntryPoint","urlTemplate":"https:\/\/ciblex.eu\/nl\/?s={search_term_string}"},"query-input":{"@type":"PropertyValueSpecification","valueRequired":true,"valueName":"search_term_string"}}],"inLanguage":"nl-NL"},{"@type":"Organization","@id":"https:\/\/ciblex.eu\/nl\/#organization","name":"Ciblex","url":"https:\/\/ciblex.eu\/nl\/","logo":{"@type":"ImageObject","inLanguage":"nl-NL","@id":"https:\/\/ciblex.eu\/nl\/#\/schema\/logo\/image\/","url":"https:\/\/ciblex.eu\/wp-content\/uploads\/2021\/12\/logo_ciblex@x2.png","contentUrl":"https:\/\/ciblex.eu\/wp-content\/uploads\/2021\/12\/logo_ciblex@x2.png","width":273,"height":86,"caption":"Ciblex"},"image":{"@id":"https:\/\/ciblex.eu\/nl\/#\/schema\/logo\/image\/"}}]}},"_links":{"self":[{"href":"https:\/\/ciblex.eu\/nl\/wp-json\/wp\/v2\/pages\/2702","targetHints":{"allow":["GET"]}}],"collection":[{"href":"https:\/\/ciblex.eu\/nl\/wp-json\/wp\/v2\/pages"}],"about":[{"href":"https:\/\/ciblex.eu\/nl\/wp-json\/wp\/v2\/types\/page"}],"author":[{"embeddable":true,"href":"https:\/\/ciblex.eu\/nl\/wp-json\/wp\/v2\/users\/1"}],"replies":[{"embeddable":true,"href":"https:\/\/ciblex.eu\/nl\/wp-json\/wp\/v2\/comments?post=2702"}],"version-history":[{"count":5,"href":"https:\/\/ciblex.eu\/nl\/wp-json\/wp\/v2\/pages\/2702\/revisions"}],"predecessor-version":[{"id":3656,"href":"https:\/\/ciblex.eu\/nl\/wp-json\/wp\/v2\/pages\/2702\/revisions\/3656"}],"up":[{"embeddable":true,"href":"https:\/\/ciblex.eu\/nl\/wp-json\/wp\/v2\/pages\/2699"}],"wp:featuredmedia":[{"embeddable":true,"href":"https:\/\/ciblex.eu\/nl\/wp-json\/wp\/v2\/media\/306"}],"wp:attachment":[{"href":"https:\/\/ciblex.eu\/nl\/wp-json\/wp\/v2\/media?parent=2702"}],"curies":[{"name":"wp","href":"https:\/\/api.w.org\/{rel}","templated":true}]}}